{"id":3,"date":"2018-11-13T10:47:08","date_gmt":"2018-11-13T10:47:08","guid":{"rendered":"http:\/\/test2.tarifaexperience.com\/?page_id=3"},"modified":"2019-03-25T08:33:21","modified_gmt":"2019-03-25T08:33:21","slug":"privacy-policy","status":"publish","type":"page","link":"https:\/\/tarifaexperience.com\/privacy-policy\/","title":{"rendered":"Pol\u00edtica de Privacidad"},"content":{"rendered":"&nbsp;\r\n<div class=\"entry-info\">\r\n<div>\r\n<p style=\"font-weight: 400;\">A los efectos de lo dispuesto en la Ley Org\u00e1nica 15\/1999, de 13 de Diciembre, de Protecci\u00f3n de Datos de Car\u00e1cter Personal, TARIFA EXPERIENCE S.L informa al usuario de la existencia de un fichero de datos de car\u00e1cter personal creado con los datos obtenidos en el blog por y para TARIFA EXPERIENCE S.L, y bajo su responsabilidad, con las finalidades de informaci\u00f3n y prestaci\u00f3n de los servicios ofrecidos en el blog,<\/p>\r\n<p style=\"font-weight: 400;\">as\u00ed como la realizaci\u00f3n de actividades promocionales y publicitarias mediante cualquier medio, incluyendo el env\u00edo de correos electr\u00f3nicos y de mensajes a trav\u00e9s de cualquier sistema incluyendo SMS, UTMS, etc.,<\/p>\r\n<p style=\"font-weight: 400;\">que puedan ser de su inter\u00e9s para ampliar y mejorar nuestros productos, adecuando nuestras ofertas a sus preferencias o necesidades, a partir del estudio y segmentaci\u00f3n de la\u00a0<span style=\"font-weight: 400;\">informaci\u00f3n personal y comercial que conste en nuestros ficheros como consecuencia de su acceso al blog, as\u00ed como para permitir una navegaci\u00f3n personalizada.<\/span><\/p>\r\n<br class=\"\" \/><br class=\"\" \/>\r\n<p style=\"font-weight: 400;\">Adem\u00e1s, dichos datos ser\u00e1n cedidos a la mercantil The Rocket Science Group LLC d\/b\/a MailChimp, a State of Georgia para la prestaci\u00f3n del servicio de Newsletter.<\/p>\r\n\r\n<\/div>\r\n<\/div>\r\n<br class=\"\" \/><br class=\"\" \/><br class=\"\" \/><br class=\"\" \/>","protected":false},"excerpt":{"rendered":"<p>&nbsp; A los efectos de lo dispuesto en la Ley Org\u00e1nica 15\/1999, de 13 de Diciembre, de Protecci\u00f3n de Datos de Car\u00e1cter Personal, TARIFA EXPERIENCE S.L informa al usuario de la existencia de un fichero de datos de car\u00e1cter personal creado con los datos obtenidos en el blog por y para TARIFA EXPERIENCE S.L, y [&hellip;]<\/p>\n","protected":false},"author":2,"featured_media":0,"parent":0,"menu_order":0,"comment_status":"closed","ping_status":"open","template":"","meta":{"_acf_changed":false,"_genesis_hide_title":false,"_genesis_hide_breadcrumbs":false,"_genesis_hide_singular_image":false,"_genesis_hide_footer_widgets":false,"_genesis_custom_body_class":"","_genesis_custom_post_class":"privacy__container","_genesis_layout":"","footnotes":""},"class_list":{"0":"post-3","1":"page","2":"type-page","3":"status-publish","5":"entry","6":"privacy__container"},"acf":[],"yoast_head":"<!-- This site is optimized with the Yoast SEO plugin v23.8 - https:\/\/yoast.com\/wordpress\/plugins\/seo\/ -->\n<title>Pol\u00edtica de Privacidad - Tarifa Experience<\/title>\n<meta name=\"description\" content=\"&nbsp; A los efectos de lo dispuesto en la Ley Org\u00e1nica 15\/1999, de 13 de Diciembre, de Protecci\u00f3n de Datos de Car\u00e1cter Personal, TARIFA EXPERIENCE S.L - Tarifa Experience\" \/>\n<meta name=\"robots\" content=\"index, follow, max-snippet:-1, max-image-preview:large, max-video-preview:-1\" \/>\n<link rel=\"canonical\" href=\"https:\/\/tarifaexperience.com\/privacy-policy\/\" \/>\n<meta property=\"og:locale\" content=\"en_US\" \/>\n<meta property=\"og:type\" content=\"article\" \/>\n<meta property=\"og:title\" content=\"Pol\u00edtica de Privacidad - Tarifa Experience\" \/>\n<meta property=\"og:description\" content=\"&nbsp; A los efectos de lo dispuesto en la Ley Org\u00e1nica 15\/1999, de 13 de Diciembre, de Protecci\u00f3n de Datos de Car\u00e1cter Personal, TARIFA EXPERIENCE S.L - Tarifa Experience\" \/>\n<meta property=\"og:url\" content=\"https:\/\/tarifaexperience.com\/privacy-policy\/\" \/>\n<meta property=\"og:site_name\" content=\"Tarifa Experience\" \/>\n<meta property=\"article:publisher\" content=\"https:\/\/www.facebook.com\/tarifaexperience\/\" \/>\n<meta property=\"article:modified_time\" content=\"2019-03-25T08:33:21+00:00\" \/>\n<meta name=\"twitter:card\" content=\"summary_large_image\" \/>\n<meta name=\"twitter:label1\" content=\"Est. reading time\" \/>\n\t<meta name=\"twitter:data1\" content=\"1 minute\" \/>\n<script type=\"application\/ld+json\" class=\"yoast-schema-graph\">{\"@context\":\"https:\/\/schema.org\",\"@graph\":[{\"@type\":\"WebPage\",\"@id\":\"https:\/\/tarifaexperience.com\/privacy-policy\/\",\"url\":\"https:\/\/tarifaexperience.com\/privacy-policy\/\",\"name\":\"Pol\u00edtica de Privacidad - Tarifa Experience\",\"isPartOf\":{\"@id\":\"https:\/\/tarifaexperience.com\/#website\"},\"datePublished\":\"2018-11-13T10:47:08+00:00\",\"dateModified\":\"2019-03-25T08:33:21+00:00\",\"description\":\"&nbsp; A los efectos de lo dispuesto en la Ley Org\u00e1nica 15\/1999, de 13 de Diciembre, de Protecci\u00f3n de Datos de Car\u00e1cter Personal, TARIFA EXPERIENCE S.L - Tarifa Experience\",\"breadcrumb\":{\"@id\":\"https:\/\/tarifaexperience.com\/privacy-policy\/#breadcrumb\"},\"inLanguage\":\"en-US\",\"potentialAction\":[{\"@type\":\"ReadAction\",\"target\":[\"https:\/\/tarifaexperience.com\/privacy-policy\/\"]}]},{\"@type\":\"BreadcrumbList\",\"@id\":\"https:\/\/tarifaexperience.com\/privacy-policy\/#breadcrumb\",\"itemListElement\":[{\"@type\":\"ListItem\",\"position\":1,\"name\":\"Home\",\"item\":\"https:\/\/tarifaexperience.com\/en\/\"},{\"@type\":\"ListItem\",\"position\":2,\"name\":\"Pol\u00edtica de Privacidad\"}]},{\"@type\":\"WebSite\",\"@id\":\"https:\/\/tarifaexperience.com\/#website\",\"url\":\"https:\/\/tarifaexperience.com\/\",\"name\":\"Tarifa Experience\",\"description\":\"Accommodation in Tarifa, excursions to Tanger, Tetuan, Chaouen and Asliah in Morocco, whale, dolphin and killer whale watching, quad biking, surfing, kitesurfing and windsurfing courses, mountain bike routes and much more...\",\"publisher\":{\"@id\":\"https:\/\/tarifaexperience.com\/#organization\"},\"potentialAction\":[{\"@type\":\"SearchAction\",\"target\":{\"@type\":\"EntryPoint\",\"urlTemplate\":\"https:\/\/tarifaexperience.com\/?s={search_term_string}\"},\"query-input\":{\"@type\":\"PropertyValueSpecification\",\"valueRequired\":true,\"valueName\":\"search_term_string\"}}],\"inLanguage\":\"en-US\"},{\"@type\":\"Organization\",\"@id\":\"https:\/\/tarifaexperience.com\/#organization\",\"name\":\"Tarifa Experience\",\"url\":\"https:\/\/tarifaexperience.com\/\",\"logo\":{\"@type\":\"ImageObject\",\"inLanguage\":\"en-US\",\"@id\":\"https:\/\/tarifaexperience.com\/#\/schema\/logo\/image\/\",\"url\":\"https:\/\/tarifaexperience.com\/wp-content\/uploads\/2018\/12\/group@3x-e1710508769900.png\",\"contentUrl\":\"https:\/\/tarifaexperience.com\/wp-content\/uploads\/2018\/12\/group@3x-e1710508769900.png\",\"width\":350,\"height\":150,\"caption\":\"Tarifa Experience\"},\"image\":{\"@id\":\"https:\/\/tarifaexperience.com\/#\/schema\/logo\/image\/\"},\"sameAs\":[\"https:\/\/www.facebook.com\/tarifaexperience\/\",\"https:\/\/www.instagram.com\/tarifaexperience2019\"]}]}<\/script>\n<!-- \/ Yoast SEO plugin. -->","yoast_head_json":{"title":"Pol\u00edtica de Privacidad - Tarifa Experience","description":"&nbsp; A los efectos de lo dispuesto en la Ley Org\u00e1nica 15\/1999, de 13 de Diciembre, de Protecci\u00f3n de Datos de Car\u00e1cter Personal, TARIFA EXPERIENCE S.L - Tarifa Experience","robots":{"index":"index","follow":"follow","max-snippet":"max-snippet:-1","max-image-preview":"max-image-preview:large","max-video-preview":"max-video-preview:-1"},"canonical":"https:\/\/tarifaexperience.com\/privacy-policy\/","og_locale":"en_US","og_type":"article","og_title":"Pol\u00edtica de Privacidad - Tarifa Experience","og_description":"&nbsp; A los efectos de lo dispuesto en la Ley Org\u00e1nica 15\/1999, de 13 de Diciembre, de Protecci\u00f3n de Datos de Car\u00e1cter Personal, TARIFA EXPERIENCE S.L - Tarifa Experience","og_url":"https:\/\/tarifaexperience.com\/privacy-policy\/","og_site_name":"Tarifa Experience","article_publisher":"https:\/\/www.facebook.com\/tarifaexperience\/","article_modified_time":"2019-03-25T08:33:21+00:00","twitter_card":"summary_large_image","twitter_misc":{"Est. reading time":"1 minute"},"schema":{"@context":"https:\/\/schema.org","@graph":[{"@type":"WebPage","@id":"https:\/\/tarifaexperience.com\/privacy-policy\/","url":"https:\/\/tarifaexperience.com\/privacy-policy\/","name":"Pol\u00edtica de Privacidad - Tarifa Experience","isPartOf":{"@id":"https:\/\/tarifaexperience.com\/#website"},"datePublished":"2018-11-13T10:47:08+00:00","dateModified":"2019-03-25T08:33:21+00:00","description":"&nbsp; A los efectos de lo dispuesto en la Ley Org\u00e1nica 15\/1999, de 13 de Diciembre, de Protecci\u00f3n de Datos de Car\u00e1cter Personal, TARIFA EXPERIENCE S.L - Tarifa Experience","breadcrumb":{"@id":"https:\/\/tarifaexperience.com\/privacy-policy\/#breadcrumb"},"inLanguage":"en-US","potentialAction":[{"@type":"ReadAction","target":["https:\/\/tarifaexperience.com\/privacy-policy\/"]}]},{"@type":"BreadcrumbList","@id":"https:\/\/tarifaexperience.com\/privacy-policy\/#breadcrumb","itemListElement":[{"@type":"ListItem","position":1,"name":"Home","item":"https:\/\/tarifaexperience.com\/en\/"},{"@type":"ListItem","position":2,"name":"Pol\u00edtica de Privacidad"}]},{"@type":"WebSite","@id":"https:\/\/tarifaexperience.com\/#website","url":"https:\/\/tarifaexperience.com\/","name":"Tarifa Experience","description":"Accommodation in Tarifa, excursions to Tanger, Tetuan, Chaouen and Asliah in Morocco, whale, dolphin and killer whale watching, quad biking, surfing, kitesurfing and windsurfing courses, mountain bike routes and much more...","publisher":{"@id":"https:\/\/tarifaexperience.com\/#organization"},"potentialAction":[{"@type":"SearchAction","target":{"@type":"EntryPoint","urlTemplate":"https:\/\/tarifaexperience.com\/?s={search_term_string}"},"query-input":{"@type":"PropertyValueSpecification","valueRequired":true,"valueName":"search_term_string"}}],"inLanguage":"en-US"},{"@type":"Organization","@id":"https:\/\/tarifaexperience.com\/#organization","name":"Tarifa Experience","url":"https:\/\/tarifaexperience.com\/","logo":{"@type":"ImageObject","inLanguage":"en-US","@id":"https:\/\/tarifaexperience.com\/#\/schema\/logo\/image\/","url":"https:\/\/tarifaexperience.com\/wp-content\/uploads\/2018\/12\/group@3x-e1710508769900.png","contentUrl":"https:\/\/tarifaexperience.com\/wp-content\/uploads\/2018\/12\/group@3x-e1710508769900.png","width":350,"height":150,"caption":"Tarifa Experience"},"image":{"@id":"https:\/\/tarifaexperience.com\/#\/schema\/logo\/image\/"},"sameAs":["https:\/\/www.facebook.com\/tarifaexperience\/","https:\/\/www.instagram.com\/tarifaexperience2019"]}]}},"_links":{"self":[{"href":"https:\/\/tarifaexperience.com\/en\/wp-json\/wp\/v2\/pages\/3","targetHints":{"allow":["GET"]}}],"collection":[{"href":"https:\/\/tarifaexperience.com\/en\/wp-json\/wp\/v2\/pages"}],"about":[{"href":"https:\/\/tarifaexperience.com\/en\/wp-json\/wp\/v2\/types\/page"}],"author":[{"embeddable":true,"href":"https:\/\/tarifaexperience.com\/en\/wp-json\/wp\/v2\/users\/2"}],"replies":[{"embeddable":true,"href":"https:\/\/tarifaexperience.com\/en\/wp-json\/wp\/v2\/comments?post=3"}],"version-history":[{"count":22,"href":"https:\/\/tarifaexperience.com\/en\/wp-json\/wp\/v2\/pages\/3\/revisions"}],"predecessor-version":[{"id":2478,"href":"https:\/\/tarifaexperience.com\/en\/wp-json\/wp\/v2\/pages\/3\/revisions\/2478"}],"wp:attachment":[{"href":"https:\/\/tarifaexperience.com\/en\/wp-json\/wp\/v2\/media?parent=3"}],"curies":[{"name":"wp","href":"https:\/\/api.w.org\/{rel}","templated":true}]}}